{"id":12,"date":"2025-03-14T22:02:14","date_gmt":"2025-03-14T21:02:14","guid":{"rendered":"https:\/\/emmamontlaur.fr\/?page_id=12"},"modified":"2025-04-22T15:23:01","modified_gmt":"2025-04-22T13:23:01","slug":"qui-suis-je","status":"publish","type":"page","link":"https:\/\/emmamontlaur.fr\/","title":{"rendered":"Qui suis-je"},"content":{"rendered":"\n<p>Mon parcours:<\/p>\n\n\n\n<p>Je suis Emma, psychologue-neuropsychologue, dipl\u00f4m\u00e9e d&#8217;un Master 2 en psychologie des troubles neuro-d\u00e9veloppementaux et pr\u00e9vention des inadaptations \u00e0 l&#8217;universit\u00e9 Jean Jaur\u00e8s de Toulouse.<\/p>\n\n\n\n<p>J&#8217;ai exerc\u00e9, pendant 7ans, au sein d&#8217;un foyer de vie d\u00e9di\u00e9 \u00e0 l&#8217;accompagnement de personnes avec des troubles du spectre de l&#8217;autisme (TSA), ce qui m\u2019a permis de d\u00e9velopper une expertise approfondie dans l&#8217;\u00e9valuation, la prise en charge et l&#8217;accompagnement des personnes avec TSA.<\/p>\n\n\n\n<p>Aujourd&#8217;hui, j&#8217;accompagne des enfants ou adultes avec un trouble du spectre de l&#8217;autisme (TSA) ou un trouble dysfonctionnel de l&#8217;attention avec ou sans hyperactivit\u00e9 (TDA-H), dans le respect des recommandations de bonnes pratiques \u00e9mises par la Haute Autorit\u00e9 de Sant\u00e9 (HAS), afin de garantir un accompagnement th\u00e9rapeutique de qualit\u00e9, personnalis\u00e9 et centr\u00e9 sur le bien-\u00eatre des patients.<\/p>\n\n\n<div class=\"wp-block-image is-style-default\">\n<figure class=\"aligncenter size-full is-resized\"><img loading=\"lazy\" decoding=\"async\" width=\"793\" height=\"1068\" src=\"https:\/\/emmamontlaur.fr\/wp-content\/uploads\/2025\/03\/MA.png\" alt=\"\" class=\"wp-image-13\" style=\"width:356px;height:auto\" srcset=\"https:\/\/emmamontlaur.fr\/wp-content\/uploads\/2025\/03\/MA.png 793w, https:\/\/emmamontlaur.fr\/wp-content\/uploads\/2025\/03\/MA-223x300.png 223w, https:\/\/emmamontlaur.fr\/wp-content\/uploads\/2025\/03\/MA-760x1024.png 760w, https:\/\/emmamontlaur.fr\/wp-content\/uploads\/2025\/03\/MA-768x1034.png 768w, https:\/\/emmamontlaur.fr\/wp-content\/uploads\/2025\/03\/MA-740x997.png 740w\" sizes=\"auto, (max-width: 793px) 100vw, 793px\" \/><\/figure>\n<\/div>\n\n\n<p><\/p>\n\n\n\n<p>Mes formations:<\/p>\n\n\n\n<ul class=\"wp-block-list\">\n<li>Master 2 Troubles neuro-d\u00e9veloppementaux et pr\u00e9vention des inadaptations <\/li>\n\n\n\n<li>ABA fonctionnel<\/li>\n\n\n\n<li>PECS niveau 1, niveau 2<\/li>\n\n\n\n<li>Programme d&#8217;entrainement aux habilet\u00e9s parentales: groupe Barkley<\/li>\n\n\n\n<li>Evaluer la douleur chez les personnes non verbales<\/li>\n<\/ul>\n\n\n\n<p><\/p>\n","protected":false},"excerpt":{"rendered":"<p>Mon parcours: Je suis Emma, psychologue-neuropsychologue, dipl\u00f4m\u00e9e d&#8217;un Master 2 en psychologie des troubles neuro-d\u00e9veloppementaux et pr\u00e9vention des inadaptations \u00e0 l&#8217;universit\u00e9 Jean Jaur\u00e8s de Toulouse. J&#8217;ai exerc\u00e9, pendant 7ans, au sein d&#8217;un foyer de vie d\u00e9di\u00e9 \u00e0 l&#8217;accompagnement de personnes avec des troubles du spectre de l&#8217;autisme (TSA), ce qui m\u2019a permis de d\u00e9velopper une&hellip; <a class=\"more-link\" href=\"https:\/\/emmamontlaur.fr\/\">Continue reading &rarr;<\/a><\/p>\n","protected":false},"author":1,"featured_media":0,"parent":0,"menu_order":0,"comment_status":"closed","ping_status":"closed","template":"","meta":{"footnotes":""},"class_list":["post-12","page","type-page","status-publish","hentry"],"_links":{"self":[{"href":"https:\/\/emmamontlaur.fr\/index.php\/wp-json\/wp\/v2\/pages\/12","targetHints":{"allow":["GET"]}}],"collection":[{"href":"https:\/\/emmamontlaur.fr\/index.php\/wp-json\/wp\/v2\/pages"}],"about":[{"href":"https:\/\/emmamontlaur.fr\/index.php\/wp-json\/wp\/v2\/types\/page"}],"author":[{"embeddable":true,"href":"https:\/\/emmamontlaur.fr\/index.php\/wp-json\/wp\/v2\/users\/1"}],"replies":[{"embeddable":true,"href":"https:\/\/emmamontlaur.fr\/index.php\/wp-json\/wp\/v2\/comments?post=12"}],"version-history":[{"count":5,"href":"https:\/\/emmamontlaur.fr\/index.php\/wp-json\/wp\/v2\/pages\/12\/revisions"}],"predecessor-version":[{"id":79,"href":"https:\/\/emmamontlaur.fr\/index.php\/wp-json\/wp\/v2\/pages\/12\/revisions\/79"}],"wp:attachment":[{"href":"https:\/\/emmamontlaur.fr\/index.php\/wp-json\/wp\/v2\/media?parent=12"}],"curies":[{"name":"wp","href":"https:\/\/api.w.org\/{rel}","templated":true}]}}