{"id":32,"date":"2025-03-14T23:06:51","date_gmt":"2025-03-14T22:06:51","guid":{"rendered":"https:\/\/emmamontlaur.fr\/?page_id=32"},"modified":"2025-04-15T17:46:53","modified_gmt":"2025-04-15T15:46:53","slug":"ma-pratique-et-accompagnements","status":"publish","type":"page","link":"https:\/\/emmamontlaur.fr\/index.php\/ma-pratique-et-accompagnements\/","title":{"rendered":"Les accompagnements propos\u00e9s"},"content":{"rendered":"\n<div class=\"wp-block-columns is-layout-flex wp-container-core-columns-is-layout-9d6595d7 wp-block-columns-is-layout-flex\">\n<div class=\"wp-block-column is-layout-flow wp-block-column-is-layout-flow\">\n<figure class=\"wp-block-image size-large\"><img loading=\"lazy\" decoding=\"async\" width=\"1024\" height=\"1024\" src=\"https:\/\/emmamontlaur.fr\/wp-content\/uploads\/2025\/03\/chemin-solitude-ton-vert-1024x1024.jpg\" alt=\"\" class=\"wp-image-33\" srcset=\"https:\/\/emmamontlaur.fr\/wp-content\/uploads\/2025\/03\/chemin-solitude-ton-vert-1024x1024.jpg 1024w, https:\/\/emmamontlaur.fr\/wp-content\/uploads\/2025\/03\/chemin-solitude-ton-vert-300x300.jpg 300w, https:\/\/emmamontlaur.fr\/wp-content\/uploads\/2025\/03\/chemin-solitude-ton-vert-150x150.jpg 150w, https:\/\/emmamontlaur.fr\/wp-content\/uploads\/2025\/03\/chemin-solitude-ton-vert-768x768.jpg 768w, https:\/\/emmamontlaur.fr\/wp-content\/uploads\/2025\/03\/chemin-solitude-ton-vert-740x740.jpg 740w, https:\/\/emmamontlaur.fr\/wp-content\/uploads\/2025\/03\/chemin-solitude-ton-vert.jpg 1120w\" sizes=\"auto, (max-width: 1024px) 100vw, 1024px\" \/><\/figure>\n<\/div>\n\n\n\n<div class=\"wp-block-column is-layout-flow wp-block-column-is-layout-flow\">\n<p><\/p>\n\n\n\n<p>Lors de notre premi\u00e8re rencontre, nous prendrons le temps d\u2019\u00e9changer dans un cadre bienveillant et \u00e0 l\u2019\u00e9coute. Ce moment est important pour faire connaissance, comprendre votre d\u00e9marche, retracer votre parcours et poser ensemble les bases de ce que vous attendez de cette consultation.<\/p>\n\n\n\n<p>Si cette d\u00e9marche concerne votre enfant, nous aborderons son histoire de vie de mani\u00e8re globale : depuis la grossesse, en passant par les premi\u00e8res \u00e9tapes de son d\u00e9veloppement, jusqu\u2019\u00e0 l\u2019\u00e9mergence des difficult\u00e9s que vous observez aujourd\u2019hui. Ces \u00e9l\u00e9ments sont essentiels pour mieux cerner sa situation et adapter l\u2019accompagnement \u00e0 ses besoins sp\u00e9cifiques.<\/p>\n\n\n\n<p>Lorsque cela est possible, votre enfant sera invit\u00e9 \u00e0 participer \u00e0 ce premier entretien.<\/p>\n\n\n\n<p>La suite du suivi (bilans, entretien individuel, &#8230;) ainsi que le calendrier sera ensuite d\u00e9cid\u00e9 conjointement.<\/p>\n\n\n\n<p><\/p>\n\n\n\n<p><\/p>\n\n\n\n<p> Les prises en charges propos\u00e9es:<\/p>\n\n\n\n<ul class=\"wp-block-list\">\n<li>Accompagnement th\u00e9rapeutique individuel pour les enfants, adolescents ou adultes avec TSA ou TDA\/H: gestion des \u00e9motions, gestion des comportements-d\u00e9fis, habilet\u00e9s sociales, &#8230;<\/li>\n\n\n\n<li>Bilans et \u00e9valuations\u00a0: \u00e9valuations des fonctions cognitives, mesure du quotient intellectuel, \u00e9valuation des comportements adaptatifs et de comp\u00e9tences sociales, &#8230; WISC-V, Vineland II, NEPSY-II, TEA-Ch, BROWN EF\/A, BRIEF, &#8230;<\/li>\n\n\n\n<li>Guidance parentale&nbsp;: accompagnement et soutien aux parents, explications du fonctionnement de l&#8217;enfant et des adaptations possibles de l&#8217;environnement, \u2026<\/li>\n<\/ul>\n<\/div>\n<\/div>\n\n\n\n<p class=\"has-drop-cap\"><\/p>\n","protected":false},"excerpt":{"rendered":"<p>Lors de notre premi\u00e8re rencontre, nous prendrons le temps d\u2019\u00e9changer dans un cadre bienveillant et \u00e0 l\u2019\u00e9coute. Ce moment est important pour faire connaissance, comprendre votre d\u00e9marche, retracer votre parcours et poser ensemble les bases de ce que vous attendez de cette consultation. Si cette d\u00e9marche concerne votre enfant, nous aborderons son histoire de vie&hellip; <a class=\"more-link\" href=\"https:\/\/emmamontlaur.fr\/index.php\/ma-pratique-et-accompagnements\/\">Continue reading &rarr;<\/a><\/p>\n","protected":false},"author":1,"featured_media":0,"parent":0,"menu_order":0,"comment_status":"closed","ping_status":"closed","template":"","meta":{"footnotes":""},"class_list":["post-32","page","type-page","status-publish","hentry"],"_links":{"self":[{"href":"https:\/\/emmamontlaur.fr\/index.php\/wp-json\/wp\/v2\/pages\/32","targetHints":{"allow":["GET"]}}],"collection":[{"href":"https:\/\/emmamontlaur.fr\/index.php\/wp-json\/wp\/v2\/pages"}],"about":[{"href":"https:\/\/emmamontlaur.fr\/index.php\/wp-json\/wp\/v2\/types\/page"}],"author":[{"embeddable":true,"href":"https:\/\/emmamontlaur.fr\/index.php\/wp-json\/wp\/v2\/users\/1"}],"replies":[{"embeddable":true,"href":"https:\/\/emmamontlaur.fr\/index.php\/wp-json\/wp\/v2\/comments?post=32"}],"version-history":[{"count":5,"href":"https:\/\/emmamontlaur.fr\/index.php\/wp-json\/wp\/v2\/pages\/32\/revisions"}],"predecessor-version":[{"id":76,"href":"https:\/\/emmamontlaur.fr\/index.php\/wp-json\/wp\/v2\/pages\/32\/revisions\/76"}],"wp:attachment":[{"href":"https:\/\/emmamontlaur.fr\/index.php\/wp-json\/wp\/v2\/media?parent=32"}],"curies":[{"name":"wp","href":"https:\/\/api.w.org\/{rel}","templated":true}]}}